{"id":3208,"date":"2025-09-15T15:42:25","date_gmt":"2025-09-15T19:42:25","guid":{"rendered":"https:\/\/apsl.ca\/?page_id=3208"},"modified":"2025-09-24T06:40:51","modified_gmt":"2025-09-24T10:40:51","slug":"qui-sommes-nous-2","status":"publish","type":"page","link":"https:\/\/apsl.ca\/index.php\/qui-sommes-nous-2\/","title":{"rendered":"Qui sommes nous ?"},"content":{"rendered":"\t\t<div data-elementor-type=\"wp-page\" data-elementor-id=\"3208\" class=\"elementor elementor-3208\">\n\t\t\t\t<div class=\"elementor-element elementor-element-bedbe5d e-con-full e-flex e-con e-parent\" data-id=\"bedbe5d\" data-element_type=\"container\" data-e-type=\"container\">\n\t\t\t\t<div class=\"elementor-element elementor-element-ef7fd5f elementor-widget elementor-widget-text-editor\" data-id=\"ef7fd5f\" data-element_type=\"widget\" data-e-type=\"widget\" data-widget_type=\"text-editor.default\">\n\t\t\t\t<div class=\"elementor-widget-container\">\n\t\t\t\t\t\t\t\t\t<h3>Bienvenue sur le site de l&rsquo;association des photographes de Saint-Laurent!<\/h3><p>Nous sommes un organisme sans but lucratif qui existe depuis le 15 octobre 1986. Au fil des ans, de nombreux amateurs de photographie ont fait leurs premiers pas avec nous et ont d\u00e9velopp\u00e9 leurs comp\u00e9tences et leur cr\u00e9ativit\u00e9 par les activit\u00e9s stimulantes offertes. Aucun autre passe-temps n\u2019est aussi passionnant, exigeant, stimulant et satisfaisant que la photographie. La diversit\u00e9 des sujets selon les go\u00fbts, int\u00e9r\u00eats et talents a de quoi vous passionner une vie enti\u00e8re. Le club s\u2019adresse \u00e0 tous les photographes d\u00e9sirant s\u2019am\u00e9liorer sur les plans artistique et technique, tant aux d\u00e9butants qu\u2019\u00e0 ceux et celles ayant des notions plus avanc\u00e9es.<\/p><h3 dir=\"ltr\" style=\"text-align: left;\"><strong>Pourquoi joindre un club photo ?<\/strong><\/h3><ul><li dir=\"ltr\">\u00c9largir ses connaissances pour ma\u00eetriser la d\u00e9marche photographique technique, artistique et cr\u00e9ative.<\/li><li dir=\"ltr\">Partager connaissances, trucs, inspirations, cr\u00e9ations et passion.<\/li><li dir=\"ltr\">Aider au d\u00e9veloppement de sa propre identit\u00e9 photographique.<\/li><li dir=\"ltr\">D\u00e9velopper son esprit critique.<\/li><li dir=\"ltr\">C\u00f4toyer des personnes motiv\u00e9es partageant la m\u00eame passion<\/li><li dir=\"ltr\">Participer \u00e0 des expositions<\/li><\/ul><p dir=\"ltr\">La photographie est un loisir culturel captivant, exigeant et stimulant. La diversit\u00e9 des sujets, des approches cr\u00e9atives, des int\u00e9r\u00eats et des talents alimentera votre inspiration une vie enti\u00e8re.<\/p><h3 dir=\"ltr\"><b>Les activit\u00e9s propos\u00e9es:<\/b>\u00a0<\/h3><ul><li dir=\"ltr\">Th\u00e8mes et d\u00e9fis photo: visionnement et analyse critique constructive des photos<\/li><li dir=\"ltr\">Conf\u00e9rences<\/li><li dir=\"ltr\">Expositions<\/li><li dir=\"ltr\">Sorties photographiques<\/li><li dir=\"ltr\">Visites diverses\u00a0<\/li><li dir=\"ltr\">Pr\u00e9paration de projets de groupe<\/li><li dir=\"ltr\">Ateliers pratiques\u00a0<\/li><\/ul><p dir=\"ltr\">Merci \u00e0 l\u2019arrondissement Saint-Laurent pour son soutien, et \u00e0 notre\u00a0 commanditaire: Gosselin Photo<\/p><p dir=\"ltr\">\u00a0<\/p>\t\t\t\t\t\t\t\t<\/div>\n\t\t\t\t<\/div>\n\t\t\t\t<\/div>\n\t\t\t\t<\/div>\n\t\t","protected":false},"excerpt":{"rendered":"<p>Bienvenue sur le site de l&rsquo;association des photographes de Saint-Laurent! Nous sommes un organisme sans but lucratif qui existe depuis&hellip; <\/p>\n","protected":false},"author":9,"featured_media":0,"parent":0,"menu_order":0,"comment_status":"closed","ping_status":"closed","template":"","meta":{"footnotes":""},"class_list":["post-3208","page","type-page","status-publish","hentry"],"jetpack_sharing_enabled":true,"_links":{"self":[{"href":"https:\/\/apsl.ca\/index.php\/wp-json\/wp\/v2\/pages\/3208","targetHints":{"allow":["GET"]}}],"collection":[{"href":"https:\/\/apsl.ca\/index.php\/wp-json\/wp\/v2\/pages"}],"about":[{"href":"https:\/\/apsl.ca\/index.php\/wp-json\/wp\/v2\/types\/page"}],"author":[{"embeddable":true,"href":"https:\/\/apsl.ca\/index.php\/wp-json\/wp\/v2\/users\/9"}],"replies":[{"embeddable":true,"href":"https:\/\/apsl.ca\/index.php\/wp-json\/wp\/v2\/comments?post=3208"}],"version-history":[{"count":13,"href":"https:\/\/apsl.ca\/index.php\/wp-json\/wp\/v2\/pages\/3208\/revisions"}],"predecessor-version":[{"id":3320,"href":"https:\/\/apsl.ca\/index.php\/wp-json\/wp\/v2\/pages\/3208\/revisions\/3320"}],"wp:attachment":[{"href":"https:\/\/apsl.ca\/index.php\/wp-json\/wp\/v2\/media?parent=3208"}],"curies":[{"name":"wp","href":"https:\/\/api.w.org\/{rel}","templated":true}]}}